{"id":17591,"date":"2018-09-14T04:41:59","date_gmt":"2018-09-14T04:41:59","guid":{"rendered":"http:\/\/konte.uix.store\/furniture\/?post_type=product&#038;p=769"},"modified":"2022-02-08T00:15:36","modified_gmt":"2022-02-08T00:15:36","slug":"sudadera-saudade-sailing-club","status":"publish","type":"product","link":"https:\/\/saudadesailingclub.com\/en\/product\/sudadera-saudade-sailing-club\/","title":{"rendered":"SAUDADE SAILING CLUB &#8211; Sudadera"},"content":{"rendered":"<p style=\"text-align: left;\">Sudadera senior del Club<\/p>\n<p style=\"text-align: left;\">Cuello redondo con cintura y pu\u00f1os el\u00e1sticos.<br \/>\nMaterial exterior: 80% algod\u00f3n, 20% poli\u00e9ster.<br \/>\nMaterial\/composici\u00f3n: Tejido algod\u00f3n<br \/>\nCuidados: lavar a m\u00e1quina a 40\u00baC, no usar blanqueantes y no limpiar en seco.<br \/>\nPlanchado ligero.<\/p>\n<p>&nbsp;<\/p>","protected":false},"excerpt":{"rendered":"<p>Sudadera senior del Club Cuello redondo con cintura y pu\u00f1os el\u00e1sticos. Material exterior: 80% algod\u00f3n, 20% poli\u00e9ster. Material\/composici\u00f3n: Tejido algod\u00f3n Cuidados: lavar a m\u00e1quina a 40\u00baC, no usar blanqueantes y no limpiar en seco. Planchado ligero. &nbsp;<\/p>","protected":false},"featured_media":18436,"template":"","meta":[],"product_brand":[],"product_cat":[346,269],"product_tag":[344,345],"class_list":{"0":"post-17591","1":"product","2":"type-product","3":"status-publish","4":"has-post-thumbnail","6":"product_cat-nautica","7":"product_cat-outdoor","8":"product_tag-ropa","9":"product_tag-sudadera","11":"first","12":"instock","13":"shipping-taxable","14":"purchasable","15":"product-type-variable","16":"has-default-attributes"},"yoast_head":"<!-- This site is optimized with the Yoast SEO plugin v26.7 - https:\/\/yoast.com\/wordpress\/plugins\/seo\/ -->\n<title>SAUDADE SAILING CLUB - Sudadera | Saudade Sailing Club<\/title>\n<meta name=\"description\" content=\"Compra ya con la sudadera del Club de Navegaci\u00f3n Saudade Sailing Club. \u00a1Disfruta de su comodidad en tus traves\u00edas!\" \/>\n<meta name=\"robots\" content=\"index, follow, max-snippet:-1, max-image-preview:large, max-video-preview:-1\" \/>\n<link rel=\"canonical\" href=\"https:\/\/saudadesailingclub.com\/en\/product\/sudadera-saudade-sailing-club\/\" \/>\n<meta property=\"og:locale\" content=\"en_GB\" \/>\n<meta property=\"og:type\" content=\"article\" \/>\n<meta property=\"og:title\" content=\"SAUDADE SAILING CLUB - Sudadera | Saudade Sailing Club\" \/>\n<meta property=\"og:description\" content=\"Compra ya con la sudadera del Club de Navegaci\u00f3n Saudade Sailing Club. \u00a1Disfruta de su comodidad en tus traves\u00edas!\" \/>\n<meta property=\"og:url\" content=\"https:\/\/saudadesailingclub.com\/en\/product\/sudadera-saudade-sailing-club\/\" \/>\n<meta property=\"og:site_name\" content=\"Saudade Sailing Club\" \/>\n<meta property=\"article:publisher\" content=\"https:\/\/www.facebook.com\/saudadesailingclub\/\" \/>\n<meta property=\"article:modified_time\" content=\"2022-02-08T00:15:36+00:00\" \/>\n<meta property=\"og:image\" content=\"https:\/\/saudadesailingclub.com\/wp-content\/uploads\/2018\/09\/sudadera-frente-ssc-scaled.jpg\" \/>\n\t<meta property=\"og:image:width\" content=\"1080\" \/>\n\t<meta property=\"og:image:height\" content=\"720\" \/>\n\t<meta property=\"og:image:type\" content=\"image\/jpeg\" \/>\n<meta name=\"twitter:card\" content=\"summary_large_image\" \/>\n<meta name=\"twitter:label1\" content=\"Estimated reading time\" \/>\n\t<meta name=\"twitter:data1\" content=\"1 minute\" \/>\n<script type=\"application\/ld+json\" class=\"yoast-schema-graph\">{\"@context\":\"https:\/\/schema.org\",\"@graph\":[{\"@type\":\"WebPage\",\"@id\":\"https:\/\/saudadesailingclub.com\/product\/sudadera-saudade-sailing-club\/\",\"url\":\"https:\/\/saudadesailingclub.com\/product\/sudadera-saudade-sailing-club\/\",\"name\":\"SAUDADE SAILING CLUB - Sudadera | Saudade Sailing Club\",\"isPartOf\":{\"@id\":\"https:\/\/saudadesailingclub.com\/#website\"},\"primaryImageOfPage\":{\"@id\":\"https:\/\/saudadesailingclub.com\/product\/sudadera-saudade-sailing-club\/#primaryimage\"},\"image\":{\"@id\":\"https:\/\/saudadesailingclub.com\/product\/sudadera-saudade-sailing-club\/#primaryimage\"},\"thumbnailUrl\":\"https:\/\/saudadesailingclub.com\/wp-content\/uploads\/2018\/09\/sudadera-frente-ssc-scaled-scaled.jpg\",\"datePublished\":\"2018-09-14T04:41:59+00:00\",\"dateModified\":\"2022-02-08T00:15:36+00:00\",\"description\":\"Compra ya con la sudadera del Club de Navegaci\u00f3n Saudade Sailing Club. \u00a1Disfruta de su comodidad en tus traves\u00edas!\",\"breadcrumb\":{\"@id\":\"https:\/\/saudadesailingclub.com\/product\/sudadera-saudade-sailing-club\/#breadcrumb\"},\"inLanguage\":\"en-GB\",\"potentialAction\":[{\"@type\":\"ReadAction\",\"target\":[\"https:\/\/saudadesailingclub.com\/product\/sudadera-saudade-sailing-club\/\"]}]},{\"@type\":\"ImageObject\",\"inLanguage\":\"en-GB\",\"@id\":\"https:\/\/saudadesailingclub.com\/product\/sudadera-saudade-sailing-club\/#primaryimage\",\"url\":\"https:\/\/saudadesailingclub.com\/wp-content\/uploads\/2018\/09\/sudadera-frente-ssc-scaled-scaled.jpg\",\"contentUrl\":\"https:\/\/saudadesailingclub.com\/wp-content\/uploads\/2018\/09\/sudadera-frente-ssc-scaled-scaled.jpg\",\"width\":1920,\"height\":1281,\"caption\":\"Sudadera saudade\"},{\"@type\":\"BreadcrumbList\",\"@id\":\"https:\/\/saudadesailingclub.com\/product\/sudadera-saudade-sailing-club\/#breadcrumb\",\"itemListElement\":[{\"@type\":\"ListItem\",\"position\":1,\"name\":\"Inicio\",\"item\":\"https:\/\/saudadesailingclub.com\/\"},{\"@type\":\"ListItem\",\"position\":2,\"name\":\"Tienda\",\"item\":\"https:\/\/saudadesailingclub.com\/tienda\/\"},{\"@type\":\"ListItem\",\"position\":3,\"name\":\"SAUDADE SAILING CLUB &#8211; Sudadera\"}]},{\"@type\":\"WebSite\",\"@id\":\"https:\/\/saudadesailingclub.com\/#website\",\"url\":\"https:\/\/saudadesailingclub.com\/\",\"name\":\"Saudade Sailing Club\",\"description\":\"Veleros Compartidos: Sum\u00e9rgete en la Magia de la Navegaci\u00f3n\",\"publisher\":{\"@id\":\"https:\/\/saudadesailingclub.com\/#organization\"},\"alternateName\":\"Saudade Club\",\"potentialAction\":[{\"@type\":\"SearchAction\",\"target\":{\"@type\":\"EntryPoint\",\"urlTemplate\":\"https:\/\/saudadesailingclub.com\/?s={search_term_string}\"},\"query-input\":{\"@type\":\"PropertyValueSpecification\",\"valueRequired\":true,\"valueName\":\"search_term_string\"}}],\"inLanguage\":\"en-GB\"},{\"@type\":\"Organization\",\"@id\":\"https:\/\/saudadesailingclub.com\/#organization\",\"name\":\"Saudade Sailing Club\",\"alternateName\":\"Saudade Club\",\"url\":\"https:\/\/saudadesailingclub.com\/\",\"logo\":{\"@type\":\"ImageObject\",\"inLanguage\":\"en-GB\",\"@id\":\"https:\/\/saudadesailingclub.com\/#\/schema\/logo\/image\/\",\"url\":\"https:\/\/saudadesailingclub.com\/wp-content\/uploads\/2020\/01\/cropped-flaticon-saudade-club-de-vela_flaticon-2.png\",\"contentUrl\":\"https:\/\/saudadesailingclub.com\/wp-content\/uploads\/2020\/01\/cropped-flaticon-saudade-club-de-vela_flaticon-2.png\",\"width\":512,\"height\":512,\"caption\":\"Saudade Sailing Club\"},\"image\":{\"@id\":\"https:\/\/saudadesailingclub.com\/#\/schema\/logo\/image\/\"},\"sameAs\":[\"https:\/\/www.facebook.com\/saudadesailingclub\/\",\"https:\/\/www.instagram.com\/saudadesailingclub\/\"]}]}<\/script>\n<!-- \/ Yoast SEO plugin. -->","yoast_head_json":{"title":"SAUDADE SAILING CLUB - Sudadera | Saudade Sailing Club","description":"Compra ya con la sudadera del Club de Navegaci\u00f3n Saudade Sailing Club. \u00a1Disfruta de su comodidad en tus traves\u00edas!","robots":{"index":"index","follow":"follow","max-snippet":"max-snippet:-1","max-image-preview":"max-image-preview:large","max-video-preview":"max-video-preview:-1"},"canonical":"https:\/\/saudadesailingclub.com\/en\/product\/sudadera-saudade-sailing-club\/","og_locale":"en_GB","og_type":"article","og_title":"SAUDADE SAILING CLUB - Sudadera | Saudade Sailing Club","og_description":"Compra ya con la sudadera del Club de Navegaci\u00f3n Saudade Sailing Club. \u00a1Disfruta de su comodidad en tus traves\u00edas!","og_url":"https:\/\/saudadesailingclub.com\/en\/product\/sudadera-saudade-sailing-club\/","og_site_name":"Saudade Sailing Club","article_publisher":"https:\/\/www.facebook.com\/saudadesailingclub\/","article_modified_time":"2022-02-08T00:15:36+00:00","og_image":[{"width":1080,"height":720,"url":"https:\/\/saudadesailingclub.com\/wp-content\/uploads\/2018\/09\/sudadera-frente-ssc-scaled.jpg","type":"image\/jpeg"}],"twitter_card":"summary_large_image","twitter_misc":{"Estimated reading time":"1 minute"},"schema":{"@context":"https:\/\/schema.org","@graph":[{"@type":"WebPage","@id":"https:\/\/saudadesailingclub.com\/product\/sudadera-saudade-sailing-club\/","url":"https:\/\/saudadesailingclub.com\/product\/sudadera-saudade-sailing-club\/","name":"SAUDADE SAILING CLUB - Sudadera | Saudade Sailing Club","isPartOf":{"@id":"https:\/\/saudadesailingclub.com\/#website"},"primaryImageOfPage":{"@id":"https:\/\/saudadesailingclub.com\/product\/sudadera-saudade-sailing-club\/#primaryimage"},"image":{"@id":"https:\/\/saudadesailingclub.com\/product\/sudadera-saudade-sailing-club\/#primaryimage"},"thumbnailUrl":"https:\/\/saudadesailingclub.com\/wp-content\/uploads\/2018\/09\/sudadera-frente-ssc-scaled-scaled.jpg","datePublished":"2018-09-14T04:41:59+00:00","dateModified":"2022-02-08T00:15:36+00:00","description":"Compra ya con la sudadera del Club de Navegaci\u00f3n Saudade Sailing Club. \u00a1Disfruta de su comodidad en tus traves\u00edas!","breadcrumb":{"@id":"https:\/\/saudadesailingclub.com\/product\/sudadera-saudade-sailing-club\/#breadcrumb"},"inLanguage":"en-GB","potentialAction":[{"@type":"ReadAction","target":["https:\/\/saudadesailingclub.com\/product\/sudadera-saudade-sailing-club\/"]}]},{"@type":"ImageObject","inLanguage":"en-GB","@id":"https:\/\/saudadesailingclub.com\/product\/sudadera-saudade-sailing-club\/#primaryimage","url":"https:\/\/saudadesailingclub.com\/wp-content\/uploads\/2018\/09\/sudadera-frente-ssc-scaled-scaled.jpg","contentUrl":"https:\/\/saudadesailingclub.com\/wp-content\/uploads\/2018\/09\/sudadera-frente-ssc-scaled-scaled.jpg","width":1920,"height":1281,"caption":"Sudadera saudade"},{"@type":"BreadcrumbList","@id":"https:\/\/saudadesailingclub.com\/product\/sudadera-saudade-sailing-club\/#breadcrumb","itemListElement":[{"@type":"ListItem","position":1,"name":"Inicio","item":"https:\/\/saudadesailingclub.com\/"},{"@type":"ListItem","position":2,"name":"Tienda","item":"https:\/\/saudadesailingclub.com\/tienda\/"},{"@type":"ListItem","position":3,"name":"SAUDADE SAILING CLUB &#8211; Sudadera"}]},{"@type":"WebSite","@id":"https:\/\/saudadesailingclub.com\/#website","url":"https:\/\/saudadesailingclub.com\/","name":"Saudade Sailing Club","description":"Veleros Compartidos: Sum\u00e9rgete en la Magia de la Navegaci\u00f3n","publisher":{"@id":"https:\/\/saudadesailingclub.com\/#organization"},"alternateName":"Saudade Club","potentialAction":[{"@type":"SearchAction","target":{"@type":"EntryPoint","urlTemplate":"https:\/\/saudadesailingclub.com\/?s={search_term_string}"},"query-input":{"@type":"PropertyValueSpecification","valueRequired":true,"valueName":"search_term_string"}}],"inLanguage":"en-GB"},{"@type":"Organization","@id":"https:\/\/saudadesailingclub.com\/#organization","name":"Saudade Sailing Club","alternateName":"Saudade Club","url":"https:\/\/saudadesailingclub.com\/","logo":{"@type":"ImageObject","inLanguage":"en-GB","@id":"https:\/\/saudadesailingclub.com\/#\/schema\/logo\/image\/","url":"https:\/\/saudadesailingclub.com\/wp-content\/uploads\/2020\/01\/cropped-flaticon-saudade-club-de-vela_flaticon-2.png","contentUrl":"https:\/\/saudadesailingclub.com\/wp-content\/uploads\/2020\/01\/cropped-flaticon-saudade-club-de-vela_flaticon-2.png","width":512,"height":512,"caption":"Saudade Sailing Club"},"image":{"@id":"https:\/\/saudadesailingclub.com\/#\/schema\/logo\/image\/"},"sameAs":["https:\/\/www.facebook.com\/saudadesailingclub\/","https:\/\/www.instagram.com\/saudadesailingclub\/"]}]}},"_links":{"self":[{"href":"https:\/\/saudadesailingclub.com\/en\/wp-json\/wp\/v2\/product\/17591","targetHints":{"allow":["GET"]}}],"collection":[{"href":"https:\/\/saudadesailingclub.com\/en\/wp-json\/wp\/v2\/product"}],"about":[{"href":"https:\/\/saudadesailingclub.com\/en\/wp-json\/wp\/v2\/types\/product"}],"wp:featuredmedia":[{"embeddable":true,"href":"https:\/\/saudadesailingclub.com\/en\/wp-json\/wp\/v2\/media\/18436"}],"wp:attachment":[{"href":"https:\/\/saudadesailingclub.com\/en\/wp-json\/wp\/v2\/media?parent=17591"}],"wp:term":[{"taxonomy":"product_brand","embeddable":true,"href":"https:\/\/saudadesailingclub.com\/en\/wp-json\/wp\/v2\/product_brand?post=17591"},{"taxonomy":"product_cat","embeddable":true,"href":"https:\/\/saudadesailingclub.com\/en\/wp-json\/wp\/v2\/product_cat?post=17591"},{"taxonomy":"product_tag","embeddable":true,"href":"https:\/\/saudadesailingclub.com\/en\/wp-json\/wp\/v2\/product_tag?post=17591"}],"curies":[{"name":"wp","href":"https:\/\/api.w.org\/{rel}","templated":true}]}}