{"id":3,"date":"2018-08-22T08:50:17","date_gmt":"2018-08-22T08:50:17","guid":{"rendered":"http:\/\/konte.uix.store\/?page_id=3"},"modified":"2025-01-03T12:59:36","modified_gmt":"2025-01-03T12:59:36","slug":"politica-de-privacidad","status":"publish","type":"page","link":"https:\/\/saudadesailingclub.com\/en\/politica-de-privacidad\/","title":{"rendered":"Privacy Policy"},"content":{"rendered":"<div data-elementor-type=\"wp-page\" data-elementor-id=\"3\" class=\"elementor elementor-3\" data-elementor-post-type=\"page\">\n\t\t\t\t\t\t<section class=\"elementor-section elementor-top-section elementor-element elementor-element-7b1747e4 elementor-section-boxed elementor-section-height-default elementor-section-height-default\" data-id=\"7b1747e4\" data-element_type=\"section\">\n\t\t\t\t\t\t<div class=\"elementor-container elementor-column-gap-default\">\n\t\t\t\t\t<div class=\"elementor-column elementor-col-100 elementor-top-column elementor-element elementor-element-35f882dd\" data-id=\"35f882dd\" data-element_type=\"column\">\n\t\t\t<div class=\"elementor-widget-wrap elementor-element-populated\">\n\t\t\t\t\t\t<div class=\"elementor-element elementor-element-1c0d806 elementor-widget elementor-widget-heading\" data-id=\"1c0d806\" data-element_type=\"widget\" data-widget_type=\"heading.default\">\n\t\t\t\t<div class=\"elementor-widget-container\">\n\t\t\t\t\t<h1 class=\"elementor-heading-title elementor-size-default\">Privacy Policy<\/h1>\t\t\t\t<\/div>\n\t\t\t\t<\/div>\n\t\t\t\t<div class=\"elementor-element elementor-element-710a43b4 elementor-widget elementor-widget-text-editor\" data-id=\"710a43b4\" data-element_type=\"widget\" data-widget_type=\"text-editor.default\">\n\t\t\t\t<div class=\"elementor-widget-container\">\n\t\t\t\t\t\t\t\t\t<p>Fecha de \u00faltima actualizaci\u00f3n: 10\/01\/2022<\/p>\n<h2><strong>1. Datos del Responsable<\/strong><\/h2>\n<ul>\n<li>Identidades responsables: NAUTICA 4U SL<\/li>\n<li>CIF.: B98233570<\/li>\n<li>Direcci\u00f3n f\u00edsica: Camino del Canal 91, Marina Valencia Mar, CP.: 4024 VALENCIA \u2013 (VALENCIA), ESPA\u00d1A.<\/li>\n<li>Correo electr\u00f3nico: hola@saudadesailingclub.com<\/li>\n<li>Tel\u00e9fono: +34 613 50 63 53<\/li>\n<\/ul>\n<h2><strong style=\"color: var( --e-global-color-text ); font-family: var( --e-global-typography-text-font-family ), Sans-serif; font-style: var( --e-global-typography-text-font-style ); text-transform: var( --e-global-typography-text-text-transform ); text-decoration: var( --e-global-typography-text-text-decoration );\">2. Finalidad del Tratamiento<\/strong><\/h2>\n<p>En&nbsp;<a href=\"https:\/\/saudadesailingclub.com\/en\/\">https:\/\/saudadesailingclub.com\/ <\/a>se tratan los datos personales con las siguientes finalidades:<\/p>\n<ul>\n<li>Contacto general: a trav\u00e9s de las solicitudes de informaci\u00f3n sobre los servicios que ofrecemos, con la finalidad de atender sus consultas y remitirle informaci\u00f3n relacionada con su solicitud.<\/li>\n<li>Informaci\u00f3n comercial y descarga de contenido: enviar por correo electr\u00f3nico el cat\u00e1logo de general de SSC. Opcional y voluntariamente, podr\u00e1 solicitar y recibir comunicaciones comerciales de nuestra empresa.<\/li>\n<li>Realizar estudios estad\u00edsticos: obtener estad\u00edsticas an\u00f3nimas de navegaci\u00f3n y rendimiento de la web.<\/li>\n<\/ul>\n<h2><strong>3.&nbsp;<\/strong><b>Criterios de Conservaci\u00f3n de los Datos<\/b><\/h2>\n<p>En&nbsp;<a href=\"https:\/\/saudadesailingclub.com\/en\/\">https:\/\/saudadesailingclub.com\/<\/a> se tratan los datos personales y se conservar\u00e1n mientras exista un inter\u00e9s mutuo para mantener el fin del tratamiento y cuando ya no sea necesario para tal fin, se suprimir\u00e1n con medidas de seguridad adecuadas para garantizar la seudonimizaci\u00f3n de los datos o la destrucci\u00f3n total de los mismos. Una vez extinguidas las finalidades perseguidas, SSC se ajustar\u00e1 a las disposiciones previstas en la normativa vigente relativa a la eliminaci\u00f3n de los datos proporcionados por el Usuario.<\/p>\n<p>Para los siguientes supuestos concretos, se tratar\u00e1n los datos personales durante los ulteriores plazos:<\/p>\n<ul>\n<li>Realizar estudios estad\u00edsticos: el plazo de conservaci\u00f3n deber\u00e1 ser proporcional al objetivo perseguido, respetando en lo esencial el derecho a la protecci\u00f3n de datos y estableciendo las medidas adecuadas y espec\u00edficas para proteger los intereses y derechos fundamentales del Usuario.<\/li>\n<\/ul>\n<h2><b>4. Legitimaci\u00f3n para el Tratamiento de los Datos<\/b><\/h2>\n<p>Los Usuarios que acceden a nuestra p\u00e1gina web, o env\u00edan datos a trav\u00e9s de los medios de contacto electr\u00f3nicos indicados, aceptan esta Pol\u00edtica de Privacidad. Del mismo modo, los que rellenan formularios mediante la marcaci\u00f3n de las casillas correspondientes y entrada de datos en los campos, marcados con un asterisco (*) en el formulario de contacto o presentados en formularios de descarga, aceptan expresamente y de forma libre e inequ\u00edvoca la Pol\u00edtica de Privacidad, y que los datos incluidos de forma voluntaria en los campos restantes son necesarios para atender su petici\u00f3n por nuestra parte. El Usuario garantiza que los datos personales facilitados a SSC son veraces y se hace responsable de comunicar cualquier modificaci\u00f3n de los mismos.<\/p>\n<p>La base legal para los tratamientos descritos es el consentimiento del Usuario, quien a trav\u00e9s de sus acciones voluntarias nos proporciona su autorizaci\u00f3n para las diferentes finalidades especificadas. Adem\u00e1s, el consentimiento podr\u00e1 ser revocado en cualquier momento por parte del interesado si as\u00ed lo manifiesta.<\/p>\n<p>Adicionalmente SSC informa y garantiza expresamente a los Usuarios que sus datos personales no ser\u00e1n cedidos en ning\u00fan caso a terceros, y que siempre que realizara alg\u00fan tipo de cesi\u00f3n de datos personales, se pedir\u00e1 previamente el consentimiento expreso, informado e inequ\u00edvoco por parte los Usuarios. Todos los datos solicitados a trav\u00e9s del sitio web son obligatorios, ya que son necesarios para la prestaci\u00f3n de un servicio \u00f3ptimo al Usuario. En caso de que no sean facilitados todos los datos, no se garantiza que la informaci\u00f3n y servicios facilitados sean completamente ajustados a sus necesidades.<\/p>\n<h2><b>5. Comunicaci\u00f3n de los Datos<\/b><\/h2>\n<p>No se comunicar\u00e1n los datos a terceros, salvo obligaci\u00f3n legal. Tambi\u00e9n compartimos Informaci\u00f3n personal con ciertas empresas que prestan servicios a nuestra empresa (soporte y desarrollo web, email marketing). Solo compartimos la Informaci\u00f3n personal necesaria para que puedan prestar dichos servicios. Exigimos a cualquier empresa con la que pudi\u00e9ramos compartir Informaci\u00f3n personal que proteja esos datos de una forma que cumpla con las disposiciones de esta pol\u00edtica y que limite el uso de dicha Informaci\u00f3n personal a la prestaci\u00f3n de servicios, adem\u00e1s de firmar los correspondientes contratos de acceso a datos conforme la normativa de protecci\u00f3n de datos exige en estos casos. Del mismo modo, informamos que no se realizan transferencias internacionales fuera del Espacio Econ\u00f3mico Europeo.<\/p>\n<h2><b>6. Derechos del Usuario<\/b><\/h2>\n<p>El interesado podr\u00e1 ejercitar sus derechos sobre protecci\u00f3n de datos (acceso, rectificaci\u00f3n, oposici\u00f3n, supresi\u00f3n, limitaci\u00f3n, portabilidad y no ser objeto de decisiones individuales automatizadas) por correo electr\u00f3nico en hola@saudadesailingclub.com. Podr\u00e1 requerirse documentaci\u00f3n que acredite la identidad del solicitante (copia del anverso del Documento Nacional de Identidad, o equivalente). El plazo de respuesta m\u00e1ximo ser\u00e1 de treinta (30) d\u00edas desde su recepci\u00f3n, pudiendo prorrogarse como m\u00e1ximo por un plazo de dos (2) meses siempre que sea necesario.<\/p>\n<p>En cualquier caso, puede solicitar la tutela de la Agencia Espa\u00f1ola de Protecci\u00f3n de Datos a trav\u00e9s de su p\u00e1gina web.<\/p>\t\t\t\t\t\t\t\t<\/div>\n\t\t\t\t<\/div>\n\t\t\t\t\t<\/div>\n\t\t<\/div>\n\t\t\t\t\t<\/div>\n\t\t<\/section>\n\t\t\t\t<\/div>","protected":false},"excerpt":{"rendered":"<p>Pol\u00edtica de Privacidad Fecha de \u00faltima actualizaci\u00f3n: 10\/01\/2022 1. Datos del Responsable Identidades responsables: NAUTICA 4U SL CIF.: B98233570 Direcci\u00f3n f\u00edsica: Camino del Canal 91, Marina Valencia Mar, CP.: 4024 VALENCIA \u2013 (VALENCIA), ESPA\u00d1A. Correo electr\u00f3nico: hola@saudadesailingclub.com Tel\u00e9fono: +34 613 50 63 53 2. Finalidad del Tratamiento En&nbsp;https:\/\/saudadesailingclub.com\/ se tratan los datos personales con las [&hellip;]<\/p>","protected":false},"author":1,"featured_media":0,"parent":0,"menu_order":0,"comment_status":"closed","ping_status":"closed","template":"elementor_header_footer","meta":{"footnotes":""},"class_list":["post-3","page","type-page","status-publish","hentry"],"yoast_head":"<!-- This site is optimized with the Yoast SEO plugin v26.7 - https:\/\/yoast.com\/wordpress\/plugins\/seo\/ -->\n<title>Pol\u00edtica de privacidad | Saudade Sailing Club<\/title>\n<meta name=\"description\" content=\"Pol\u00edtica de privacidad. Saudade Sailing Club. Club de navegaci\u00f3n donde aprender a navegar y disponer de un velero SIN COMPRARLO!\" \/>\n<meta name=\"robots\" content=\"index, follow, max-snippet:-1, max-image-preview:large, max-video-preview:-1\" \/>\n<link rel=\"canonical\" href=\"https:\/\/saudadesailingclub.com\/en\/politica-de-privacidad\/\" \/>\n<meta property=\"og:locale\" content=\"en_GB\" \/>\n<meta property=\"og:type\" content=\"article\" \/>\n<meta property=\"og:title\" content=\"Pol\u00edtica de privacidad | Saudade Sailing Club\" \/>\n<meta property=\"og:description\" content=\"Pol\u00edtica de privacidad. Saudade Sailing Club. Club de navegaci\u00f3n donde aprender a navegar y disponer de un velero SIN COMPRARLO!\" \/>\n<meta property=\"og:url\" content=\"https:\/\/saudadesailingclub.com\/en\/politica-de-privacidad\/\" \/>\n<meta property=\"og:site_name\" content=\"Saudade Sailing Club\" \/>\n<meta property=\"article:publisher\" content=\"https:\/\/www.facebook.com\/saudadesailingclub\/\" \/>\n<meta property=\"article:modified_time\" content=\"2025-01-03T12:59:36+00:00\" \/>\n<meta property=\"og:image\" content=\"https:\/\/saudadesailingclub.com\/wp-content\/uploads\/2023\/05\/saudade-logo-vertical.jpg\" \/>\n\t<meta property=\"og:image:width\" content=\"400\" \/>\n\t<meta property=\"og:image:height\" content=\"400\" \/>\n\t<meta property=\"og:image:type\" content=\"image\/jpeg\" \/>\n<meta name=\"twitter:card\" content=\"summary_large_image\" \/>\n<meta name=\"twitter:label1\" content=\"Estimated reading time\" \/>\n\t<meta name=\"twitter:data1\" content=\"4 minutes\" \/>\n<script type=\"application\/ld+json\" class=\"yoast-schema-graph\">{\"@context\":\"https:\/\/schema.org\",\"@graph\":[{\"@type\":\"WebPage\",\"@id\":\"https:\/\/saudadesailingclub.com\/politica-de-privacidad\/\",\"url\":\"https:\/\/saudadesailingclub.com\/politica-de-privacidad\/\",\"name\":\"Pol\u00edtica de privacidad | Saudade Sailing Club\",\"isPartOf\":{\"@id\":\"https:\/\/saudadesailingclub.com\/#website\"},\"datePublished\":\"2018-08-22T08:50:17+00:00\",\"dateModified\":\"2025-01-03T12:59:36+00:00\",\"description\":\"Pol\u00edtica de privacidad. Saudade Sailing Club. Club de navegaci\u00f3n donde aprender a navegar y disponer de un velero SIN COMPRARLO!\",\"breadcrumb\":{\"@id\":\"https:\/\/saudadesailingclub.com\/politica-de-privacidad\/#breadcrumb\"},\"inLanguage\":\"en-GB\",\"potentialAction\":[{\"@type\":\"ReadAction\",\"target\":[\"https:\/\/saudadesailingclub.com\/politica-de-privacidad\/\"]}]},{\"@type\":\"BreadcrumbList\",\"@id\":\"https:\/\/saudadesailingclub.com\/politica-de-privacidad\/#breadcrumb\",\"itemListElement\":[{\"@type\":\"ListItem\",\"position\":1,\"name\":\"Inicio\",\"item\":\"https:\/\/saudadesailingclub.com\/\"},{\"@type\":\"ListItem\",\"position\":2,\"name\":\"Pol\u00edtica de Privacidad\"}]},{\"@type\":\"WebSite\",\"@id\":\"https:\/\/saudadesailingclub.com\/#website\",\"url\":\"https:\/\/saudadesailingclub.com\/\",\"name\":\"Saudade Sailing Club\",\"description\":\"Veleros Compartidos: Sum\u00e9rgete en la Magia de la Navegaci\u00f3n\",\"publisher\":{\"@id\":\"https:\/\/saudadesailingclub.com\/#organization\"},\"alternateName\":\"Saudade Club\",\"potentialAction\":[{\"@type\":\"SearchAction\",\"target\":{\"@type\":\"EntryPoint\",\"urlTemplate\":\"https:\/\/saudadesailingclub.com\/?s={search_term_string}\"},\"query-input\":{\"@type\":\"PropertyValueSpecification\",\"valueRequired\":true,\"valueName\":\"search_term_string\"}}],\"inLanguage\":\"en-GB\"},{\"@type\":\"Organization\",\"@id\":\"https:\/\/saudadesailingclub.com\/#organization\",\"name\":\"Saudade Sailing Club\",\"alternateName\":\"Saudade Club\",\"url\":\"https:\/\/saudadesailingclub.com\/\",\"logo\":{\"@type\":\"ImageObject\",\"inLanguage\":\"en-GB\",\"@id\":\"https:\/\/saudadesailingclub.com\/#\/schema\/logo\/image\/\",\"url\":\"https:\/\/saudadesailingclub.com\/wp-content\/uploads\/2020\/01\/cropped-flaticon-saudade-club-de-vela_flaticon-2.png\",\"contentUrl\":\"https:\/\/saudadesailingclub.com\/wp-content\/uploads\/2020\/01\/cropped-flaticon-saudade-club-de-vela_flaticon-2.png\",\"width\":512,\"height\":512,\"caption\":\"Saudade Sailing Club\"},\"image\":{\"@id\":\"https:\/\/saudadesailingclub.com\/#\/schema\/logo\/image\/\"},\"sameAs\":[\"https:\/\/www.facebook.com\/saudadesailingclub\/\",\"https:\/\/www.instagram.com\/saudadesailingclub\/\"]}]}<\/script>\n<!-- \/ Yoast SEO plugin. -->","yoast_head_json":{"title":"Pol\u00edtica de privacidad | Saudade Sailing Club","description":"Pol\u00edtica de privacidad. Saudade Sailing Club. Club de navegaci\u00f3n donde aprender a navegar y disponer de un velero SIN COMPRARLO!","robots":{"index":"index","follow":"follow","max-snippet":"max-snippet:-1","max-image-preview":"max-image-preview:large","max-video-preview":"max-video-preview:-1"},"canonical":"https:\/\/saudadesailingclub.com\/en\/politica-de-privacidad\/","og_locale":"en_GB","og_type":"article","og_title":"Pol\u00edtica de privacidad | Saudade Sailing Club","og_description":"Pol\u00edtica de privacidad. Saudade Sailing Club. Club de navegaci\u00f3n donde aprender a navegar y disponer de un velero SIN COMPRARLO!","og_url":"https:\/\/saudadesailingclub.com\/en\/politica-de-privacidad\/","og_site_name":"Saudade Sailing Club","article_publisher":"https:\/\/www.facebook.com\/saudadesailingclub\/","article_modified_time":"2025-01-03T12:59:36+00:00","og_image":[{"width":400,"height":400,"url":"https:\/\/saudadesailingclub.com\/wp-content\/uploads\/2023\/05\/saudade-logo-vertical.jpg","type":"image\/jpeg"}],"twitter_card":"summary_large_image","twitter_misc":{"Estimated reading time":"4 minutes"},"schema":{"@context":"https:\/\/schema.org","@graph":[{"@type":"WebPage","@id":"https:\/\/saudadesailingclub.com\/politica-de-privacidad\/","url":"https:\/\/saudadesailingclub.com\/politica-de-privacidad\/","name":"Pol\u00edtica de privacidad | Saudade Sailing Club","isPartOf":{"@id":"https:\/\/saudadesailingclub.com\/#website"},"datePublished":"2018-08-22T08:50:17+00:00","dateModified":"2025-01-03T12:59:36+00:00","description":"Pol\u00edtica de privacidad. Saudade Sailing Club. Club de navegaci\u00f3n donde aprender a navegar y disponer de un velero SIN COMPRARLO!","breadcrumb":{"@id":"https:\/\/saudadesailingclub.com\/politica-de-privacidad\/#breadcrumb"},"inLanguage":"en-GB","potentialAction":[{"@type":"ReadAction","target":["https:\/\/saudadesailingclub.com\/politica-de-privacidad\/"]}]},{"@type":"BreadcrumbList","@id":"https:\/\/saudadesailingclub.com\/politica-de-privacidad\/#breadcrumb","itemListElement":[{"@type":"ListItem","position":1,"name":"Inicio","item":"https:\/\/saudadesailingclub.com\/"},{"@type":"ListItem","position":2,"name":"Pol\u00edtica de Privacidad"}]},{"@type":"WebSite","@id":"https:\/\/saudadesailingclub.com\/#website","url":"https:\/\/saudadesailingclub.com\/","name":"Saudade Sailing Club","description":"Veleros Compartidos: Sum\u00e9rgete en la Magia de la Navegaci\u00f3n","publisher":{"@id":"https:\/\/saudadesailingclub.com\/#organization"},"alternateName":"Saudade Club","potentialAction":[{"@type":"SearchAction","target":{"@type":"EntryPoint","urlTemplate":"https:\/\/saudadesailingclub.com\/?s={search_term_string}"},"query-input":{"@type":"PropertyValueSpecification","valueRequired":true,"valueName":"search_term_string"}}],"inLanguage":"en-GB"},{"@type":"Organization","@id":"https:\/\/saudadesailingclub.com\/#organization","name":"Saudade Sailing Club","alternateName":"Saudade Club","url":"https:\/\/saudadesailingclub.com\/","logo":{"@type":"ImageObject","inLanguage":"en-GB","@id":"https:\/\/saudadesailingclub.com\/#\/schema\/logo\/image\/","url":"https:\/\/saudadesailingclub.com\/wp-content\/uploads\/2020\/01\/cropped-flaticon-saudade-club-de-vela_flaticon-2.png","contentUrl":"https:\/\/saudadesailingclub.com\/wp-content\/uploads\/2020\/01\/cropped-flaticon-saudade-club-de-vela_flaticon-2.png","width":512,"height":512,"caption":"Saudade Sailing Club"},"image":{"@id":"https:\/\/saudadesailingclub.com\/#\/schema\/logo\/image\/"},"sameAs":["https:\/\/www.facebook.com\/saudadesailingclub\/","https:\/\/www.instagram.com\/saudadesailingclub\/"]}]}},"_links":{"self":[{"href":"https:\/\/saudadesailingclub.com\/en\/wp-json\/wp\/v2\/pages\/3","targetHints":{"allow":["GET"]}}],"collection":[{"href":"https:\/\/saudadesailingclub.com\/en\/wp-json\/wp\/v2\/pages"}],"about":[{"href":"https:\/\/saudadesailingclub.com\/en\/wp-json\/wp\/v2\/types\/page"}],"author":[{"embeddable":true,"href":"https:\/\/saudadesailingclub.com\/en\/wp-json\/wp\/v2\/users\/1"}],"replies":[{"embeddable":true,"href":"https:\/\/saudadesailingclub.com\/en\/wp-json\/wp\/v2\/comments?post=3"}],"version-history":[{"count":20,"href":"https:\/\/saudadesailingclub.com\/en\/wp-json\/wp\/v2\/pages\/3\/revisions"}],"predecessor-version":[{"id":27976,"href":"https:\/\/saudadesailingclub.com\/en\/wp-json\/wp\/v2\/pages\/3\/revisions\/27976"}],"wp:attachment":[{"href":"https:\/\/saudadesailingclub.com\/en\/wp-json\/wp\/v2\/media?parent=3"}],"curies":[{"name":"wp","href":"https:\/\/api.w.org\/{rel}","templated":true}]}}