{"id":17916,"date":"2020-04-21T22:16:47","date_gmt":"2020-04-21T22:16:47","guid":{"rendered":"https:\/\/saudadesailingclub.com\/?page_id=17916"},"modified":"2025-10-22T14:59:44","modified_gmt":"2025-10-22T14:59:44","slug":"contacto-saudade-sailing-club","status":"publish","type":"page","link":"https:\/\/saudadesailingclub.com\/en\/contacto-saudade-sailing-club\/","title":{"rendered":"Contact"},"content":{"rendered":"<div data-elementor-type=\"wp-page\" data-elementor-id=\"17916\" class=\"elementor elementor-17916\" data-elementor-post-type=\"page\">\n\t\t\t\t\t\t<section class=\"elementor-section elementor-top-section elementor-element elementor-element-151d05d1 elementor-section-full_width elementor-section-height-default elementor-section-height-default\" data-id=\"151d05d1\" data-element_type=\"section\">\n\t\t\t\t\t\t<div class=\"elementor-container elementor-column-gap-default\">\n\t\t\t\t\t<div class=\"elementor-column elementor-col-100 elementor-top-column elementor-element elementor-element-50ff3bdc\" data-id=\"50ff3bdc\" data-element_type=\"column\" data-settings=\"{&quot;background_background&quot;:&quot;classic&quot;,&quot;background_motion_fx_motion_fx_scrolling&quot;:&quot;yes&quot;,&quot;background_motion_fx_translateY_effect&quot;:&quot;yes&quot;,&quot;background_motion_fx_translateY_speed&quot;:{&quot;unit&quot;:&quot;px&quot;,&quot;size&quot;:4,&quot;sizes&quot;:[]},&quot;background_motion_fx_translateY_affectedRange&quot;:{&quot;unit&quot;:&quot;%&quot;,&quot;size&quot;:&quot;&quot;,&quot;sizes&quot;:{&quot;start&quot;:0,&quot;end&quot;:100}},&quot;background_motion_fx_devices&quot;:[&quot;desktop&quot;,&quot;tablet&quot;,&quot;mobile&quot;]}\">\n\t\t\t<div class=\"elementor-widget-wrap elementor-element-populated\">\n\t\t\t\t\t\t<div class=\"elementor-element elementor-element-6213b76c elementor-widget elementor-widget-spacer\" data-id=\"6213b76c\" data-element_type=\"widget\" data-widget_type=\"spacer.default\">\n\t\t\t\t<div class=\"elementor-widget-container\">\n\t\t\t\t\t\t\t<div class=\"elementor-spacer\">\n\t\t\t<div class=\"elementor-spacer-inner\"><\/div>\n\t\t<\/div>\n\t\t\t\t\t\t<\/div>\n\t\t\t\t<\/div>\n\t\t\t\t<div class=\"elementor-element elementor-element-1f433dcd elementor-widget elementor-widget-heading\" data-id=\"1f433dcd\" data-element_type=\"widget\" data-widget_type=\"heading.default\">\n\t\t\t\t<div class=\"elementor-widget-container\">\n\t\t\t\t\t<h1 class=\"elementor-heading-title elementor-size-default\">Contact <br><i>Escr\u00edbenos para recibir m\u00e1s informaci\u00f3n<\/i><\/h1>\t\t\t\t<\/div>\n\t\t\t\t<\/div>\n\t\t\t\t\t<\/div>\n\t\t<\/div>\n\t\t\t\t\t<\/div>\n\t\t<\/section>\n\t\t\t\t<section class=\"elementor-section elementor-top-section elementor-element elementor-element-29d9ea9f elementor-section-content-middle elementor-section-boxed elementor-section-height-default elementor-section-height-default\" data-id=\"29d9ea9f\" data-element_type=\"section\">\n\t\t\t\t\t\t<div class=\"elementor-container elementor-column-gap-wide\">\n\t\t\t\t\t<div class=\"elementor-column elementor-col-50 elementor-top-column elementor-element elementor-element-1afb6453\" data-id=\"1afb6453\" data-element_type=\"column\">\n\t\t\t<div class=\"elementor-widget-wrap elementor-element-populated\">\n\t\t\t\t\t\t<div class=\"elementor-element elementor-element-81027a3 elementor-widget elementor-widget-text-editor\" data-id=\"81027a3\" data-element_type=\"widget\" data-widget_type=\"text-editor.default\">\n\t\t\t\t<div class=\"elementor-widget-container\">\n\t\t\t\t\t\t\t\t\t<p>Contacta con nosotros y descubre la emoci\u00f3n de navegar en barcos y veleros compartidos. No importa tu experiencia, seas titulado o no, con muchas o pocas millas, \u00a1navegar es para todos!<\/p>\t\t\t\t\t\t\t\t<\/div>\n\t\t\t\t<\/div>\n\t\t\t\t<div class=\"elementor-element elementor-element-6d4bd58 elementor-button-align-stretch elementor-widget elementor-widget-global elementor-global-27218 elementor-widget-form\" data-id=\"6d4bd58\" data-element_type=\"widget\" id=\"contacto\" data-settings=\"{&quot;step_next_label&quot;:&quot;Siguiente&quot;,&quot;step_previous_label&quot;:&quot;Anterior&quot;,&quot;button_width&quot;:&quot;100&quot;,&quot;step_type&quot;:&quot;number_text&quot;,&quot;step_icon_shape&quot;:&quot;circle&quot;}\" data-widget_type=\"form.default\">\n\t\t\t\t<div class=\"elementor-widget-container\">\n\t\t\t\t\t\t\t<form class=\"elementor-form\" method=\"post\" id=\"form_contact_gral\" name=\"Formulario de Contacto\" aria-label=\"Formulario de Contacto\" action=\"\">\n\t\t\t<input type=\"hidden\" name=\"post_id\" value=\"17916\"\/>\n\t\t\t<input type=\"hidden\" name=\"form_id\" value=\"6d4bd58\"\/>\n\t\t\t<input type=\"hidden\" name=\"referer_title\" value=\"Saudade Sailing Club\" \/>\n\n\t\t\t\n\t\t\t<div class=\"elementor-form-fields-wrapper elementor-labels-\">\n\t\t\t\t\t\t\t\t<div class=\"elementor-field-type-text elementor-field-group elementor-column elementor-field-group-fname elementor-col-50 elementor-field-required\">\n\t\t\t\t\t\t\t\t\t\t\t\t<label for=\"form-field-fname\" class=\"elementor-field-label elementor-screen-only\">\n\t\t\t\t\t\t\t\tName\t\t\t\t\t\t\t<\/label>\n\t\t\t\t\t\t\t\t\t\t\t\t\t\t<input size=\"1\" type=\"text\" name=\"form_fields[fname]\" id=\"form-field-fname\" class=\"elementor-field elementor-size-sm  elementor-field-textual\" placeholder=\"Name\" required=\"required\">\n\t\t\t\t\t\t\t\t\t\t\t<\/div>\n\t\t\t\t\t\t\t\t<div class=\"elementor-field-type-text elementor-field-group elementor-column elementor-field-group-lname elementor-col-50 elementor-field-required\">\n\t\t\t\t\t\t\t\t\t\t\t\t<label for=\"form-field-lname\" class=\"elementor-field-label elementor-screen-only\">\n\t\t\t\t\t\t\t\tLast name\t\t\t\t\t\t\t<\/label>\n\t\t\t\t\t\t\t\t\t\t\t\t\t\t<input size=\"1\" type=\"text\" name=\"form_fields[lname]\" id=\"form-field-lname\" class=\"elementor-field elementor-size-sm  elementor-field-textual\" placeholder=\"Last name\" required=\"required\">\n\t\t\t\t\t\t\t\t\t\t\t<\/div>\n\t\t\t\t\t\t\t\t<div class=\"elementor-field-type-email elementor-field-group elementor-column elementor-field-group-email elementor-col-50 elementor-field-required\">\n\t\t\t\t\t\t\t\t\t\t\t\t<label for=\"form-field-email\" class=\"elementor-field-label elementor-screen-only\">\n\t\t\t\t\t\t\t\tEmail\t\t\t\t\t\t\t<\/label>\n\t\t\t\t\t\t\t\t\t\t\t\t\t\t<input size=\"1\" type=\"email\" name=\"form_fields[email]\" id=\"form-field-email\" class=\"elementor-field elementor-size-sm  elementor-field-textual\" placeholder=\"Email\" required=\"required\">\n\t\t\t\t\t\t\t\t\t\t\t<\/div>\n\t\t\t\t\t\t\t\t<div class=\"elementor-field-type-tel elementor-field-group elementor-column elementor-field-group-phone elementor-col-50 elementor-field-required\">\n\t\t\t\t\t\t\t\t\t\t\t\t<label for=\"form-field-phone\" class=\"elementor-field-label elementor-screen-only\">\n\t\t\t\t\t\t\t\tPhone\t\t\t\t\t\t\t<\/label>\n\t\t\t\t\t\t\t\t<input size=\"1\" type=\"tel\" name=\"form_fields[phone]\" id=\"form-field-phone\" class=\"elementor-field elementor-size-sm  elementor-field-textual\" placeholder=\"Phone\" required=\"required\" pattern=\"[0-9()#&amp;+*-=.]+\" title=\"Only numbers and phone characters (#, -, *, etc) are accepted.\">\n\n\t\t\t\t\t\t<\/div>\n\t\t\t\t\t\t\t\t<div class=\"elementor-field-type-text\">\n\t\t\t\t\t<input size=\"1\" type=\"text\" name=\"form_fields[field_8126f30]\" id=\"form-field-field_8126f30\" class=\"elementor-field elementor-size-sm\" style=\"display:none !important;\">\t\t\t\t<\/div>\n\t\t\t\t\t\t\t\t<div class=\"elementor-field-type-textarea elementor-field-group elementor-column elementor-field-group-message elementor-col-100 elementor-field-required\">\n\t\t\t\t\t\t\t\t\t\t\t\t<label for=\"form-field-message\" class=\"elementor-field-label elementor-screen-only\">\n\t\t\t\t\t\t\t\tMessage\t\t\t\t\t\t\t<\/label>\n\t\t\t\t\t\t<textarea class=\"elementor-field-textual elementor-field  elementor-size-sm\" name=\"form_fields[message]\" id=\"form-field-message\" rows=\"4\" placeholder=\"Message\" required=\"required\"><\/textarea>\t\t\t\t<\/div>\n\t\t\t\t\t\t\t\t<div class=\"elementor-field-type-select elementor-field-group elementor-column elementor-field-group-conocio elementor-col-100\">\n\t\t\t\t\t\t\t\t\t\t\t\t<label for=\"form-field-conocio\" class=\"elementor-field-label elementor-screen-only\">\n\t\t\t\t\t\t\t\tHow did you find us?\t\t\t\t\t\t\t<\/label>\n\t\t\t\t\t\t\t\t<div class=\"elementor-field elementor-select-wrapper remove-before\">\n\t\t\t<div class=\"select-caret-down-wrapper\">\n\t\t\t\t<svg aria-hidden=\"true\" class=\"e-font-icon-svg e-eicon-caret-down\" viewbox=\"0 0 571.4 571.4\" xmlns=\"http:\/\/www.w3.org\/2000\/svg\"><path d=\"M571 393Q571 407 561 418L311 668Q300 679 286 679T261 668L11 418Q0 407 0 393T11 368 36 357H536Q550 357 561 368T571 393Z\"><\/path><\/svg>\t\t\t<\/div>\n\t\t\t<select name=\"form_fields[conocio]\" id=\"form-field-conocio\" class=\"elementor-field-textual elementor-size-sm\">\n\t\t\t\t\t\t\t\t\t<option value=\"\u00bfC\u00f3mo nos conoci\u00f3? (opcional)\">How did you find us? (optional)<\/option>\n\t\t\t\t\t\t\t\t\t<option value=\"P\u00e1gina web\">Website<\/option>\n\t\t\t\t\t\t\t\t\t<option value=\"Google\">Google<\/option>\n\t\t\t\t\t\t\t\t\t<option value=\"Instagram\">Instagram<\/option>\n\t\t\t\t\t\t\t\t\t<option value=\"Facebook\">Facebook<\/option>\n\t\t\t\t\t\t\t\t\t<option value=\"Amigos o conocidos\">Friends or acquaintances<\/option>\n\t\t\t\t\t\t\t\t\t<option value=\"Otro\">Other<\/option>\n\t\t\t\t\t\t\t<\/select>\n\t\t<\/div>\n\t\t\t\t\t\t<\/div>\n\t\t\t\t\t\t\t\t<div class=\"elementor-field-type-recaptcha_v3 elementor-field-group elementor-column elementor-field-group-reCaptcha elementor-col-100 recaptcha_v3-bottomleft\">\n\t\t\t\t\t<div class=\"elementor-field\" id=\"form-field-reCaptcha\"><div class=\"elementor-g-recaptcha\" data-sitekey=\"6LedKTwfAAAAAFJ13wTnjGTjEN3GpkgIu2bAGDkT\" data-type=\"v3\" data-action=\"Form\" data-badge=\"bottomleft\" data-size=\"invisible\"><\/div><\/div>\t\t\t\t<\/div>\n\t\t\t\t\t\t\t\t<div class=\"elementor-field-group elementor-column elementor-field-type-submit elementor-col-100 e-form__buttons\">\n\t\t\t\t\t<button class=\"elementor-button elementor-size-md\" type=\"submit\">\n\t\t\t\t\t\t<span class=\"elementor-button-content-wrapper\">\n\t\t\t\t\t\t\t\t\t\t\t\t\t\t\t\t\t\t\t\t\t\t<span class=\"elementor-button-text\">Send<\/span>\n\t\t\t\t\t\t\t\t\t\t\t\t\t<\/span>\n\t\t\t\t\t<\/button>\n\t\t\t\t<\/div>\n\t\t\t<\/div>\n\t\t<input\n                    class=\"apbct_special_field apbct_email_id__elementor_form\"\n                    name=\"apbct__email_id__elementor_form\"\n                    aria-label=\"apbct__label_id__elementor_form\"\n                    type=\"text\" size=\"30\" maxlength=\"200\" autocomplete=\"off\"\n                    value=\"\"\n                \/><input type=\"hidden\" name=\"trp-form-language\" value=\"en\"\/><\/form>\n\t\t\t\t\t\t<\/div>\n\t\t\t\t<\/div>\n\t\t\t\t<div class=\"elementor-element elementor-element-16a746e9 elementor-widget elementor-widget-text-editor\" data-id=\"16a746e9\" data-element_type=\"widget\" data-settings=\"{&quot;_animation&quot;:&quot;none&quot;,&quot;_animation_mobile&quot;:&quot;none&quot;,&quot;_animation_delay&quot;:&quot;300&quot;}\" data-widget_type=\"text-editor.default\">\n\t\t\t\t<div class=\"elementor-widget-container\">\n\t\t\t\t\t\t\t\t\t<p>By completing this form you are agreeing to receive club information and news via email. Read our <a href=\"https:\/\/saudadesailingclub.com\/en\/politica-de-privacidad\/\">Privacy Policy<\/a>.<\/p>\t\t\t\t\t\t\t\t<\/div>\n\t\t\t\t<\/div>\n\t\t\t\t\t<\/div>\n\t\t<\/div>\n\t\t\t\t<div class=\"elementor-column elementor-col-50 elementor-top-column elementor-element elementor-element-4d69d57c\" data-id=\"4d69d57c\" data-element_type=\"column\">\n\t\t\t<div class=\"elementor-widget-wrap elementor-element-populated\">\n\t\t\t\t\t\t<div class=\"elementor-element elementor-element-41943ccd elementor-widget elementor-widget-google_maps\" data-id=\"41943ccd\" data-element_type=\"widget\" data-widget_type=\"google_maps.default\">\n\t\t\t\t<div class=\"elementor-widget-container\">\n\t\t\t\t\t\t\t<div class=\"elementor-custom-embed\">\n\t\t\t<iframe loading=\"lazy\"\n\t\t\t\t\tsrc=\"https:\/\/maps.google.com\/maps?q=Saudade%20Sailing%20Club%2C%20Valencia&#038;t=m&#038;z=13&#038;output=embed&#038;iwloc=near\"\n\t\t\t\t\ttitle=\"Saudade Sailing Club, Valencia\"\n\t\t\t\t\taria-label=\"Saudade Sailing Club, Valencia\"\n\t\t\t><\/iframe>\n\t\t<\/div>\n\t\t\t\t\t\t<\/div>\n\t\t\t\t<\/div>\n\t\t\t\t\t<\/div>\n\t\t<\/div>\n\t\t\t\t\t<\/div>\n\t\t<\/section>\n\t\t\t\t<\/div>","protected":false},"excerpt":{"rendered":"<p>Saudade Sailing Club te invita a explorar el mar, sin importar tu nivel. \u00danete a nuestra comunidad y disfruta de la navegaci\u00f3n a vela en Valencia<\/p>","protected":false},"author":1,"featured_media":24670,"parent":0,"menu_order":0,"comment_status":"closed","ping_status":"closed","template":"","meta":{"footnotes":""},"class_list":["post-17916","page","type-page","status-publish","has-post-thumbnail","hentry"],"yoast_head":"<!-- This site is optimized with the Yoast SEO plugin v26.7 - https:\/\/yoast.com\/wordpress\/plugins\/seo\/ -->\n<title>Saudade Sailing Club, Tu Club de Navegaci\u00f3n en Valencia<\/title>\n<meta name=\"description\" content=\"Saudade Sailing Club te invita a explorar el mar, sin importar tu nivel. \u00danete a nuestra comunidad y disfruta de la navegaci\u00f3n a vela en Valencia\" \/>\n<meta name=\"robots\" content=\"noindex, follow\" \/>\n<meta property=\"og:locale\" content=\"en_GB\" \/>\n<meta property=\"og:type\" content=\"article\" \/>\n<meta property=\"og:title\" content=\"Saudade Sailing Club, Tu Club de Navegaci\u00f3n en Valencia\" \/>\n<meta property=\"og:description\" content=\"Saudade Sailing Club te invita a explorar el mar, sin importar tu nivel. \u00danete a nuestra comunidad y disfruta de la navegaci\u00f3n a vela en Valencia\" \/>\n<meta property=\"og:url\" content=\"https:\/\/saudadesailingclub.com\/en\/contacto-saudade-sailing-club\/\" \/>\n<meta property=\"og:site_name\" content=\"Saudade Sailing Club\" \/>\n<meta property=\"article:publisher\" content=\"https:\/\/www.facebook.com\/saudadesailingclub\/\" \/>\n<meta property=\"article:modified_time\" content=\"2025-10-22T14:59:44+00:00\" \/>\n<meta property=\"og:image\" content=\"https:\/\/saudadesailingclub.com\/wp-content\/uploads\/2023\/07\/club-de-navegantes-saudade.jpg\" \/>\n\t<meta property=\"og:image:width\" content=\"1000\" \/>\n\t<meta property=\"og:image:height\" content=\"667\" \/>\n\t<meta property=\"og:image:type\" content=\"image\/jpeg\" \/>\n<meta name=\"twitter:card\" content=\"summary_large_image\" \/>\n<meta name=\"twitter:title\" content=\"Saudade Sailing Club, Tu Club de Navegaci\u00f3n en Valencia\" \/>\n<meta name=\"twitter:description\" content=\"Saudade Sailing Club te invita a explorar el mar, sin importar tu nivel. \u00danete a nuestra comunidad y disfruta de la navegaci\u00f3n a vela en Valencia\" \/>\n<meta name=\"twitter:image\" content=\"https:\/\/saudadesailingclub.com\/wp-content\/uploads\/2023\/07\/club-de-navegantes-saudade.jpg\" \/>\n<script type=\"application\/ld+json\" class=\"yoast-schema-graph\">{\"@context\":\"https:\/\/schema.org\",\"@graph\":[{\"@type\":\"WebPage\",\"@id\":\"https:\/\/saudadesailingclub.com\/contacto-saudade-sailing-club\/\",\"url\":\"https:\/\/saudadesailingclub.com\/contacto-saudade-sailing-club\/\",\"name\":\"Saudade Sailing Club, Tu Club de Navegaci\u00f3n en Valencia\",\"isPartOf\":{\"@id\":\"https:\/\/saudadesailingclub.com\/#website\"},\"primaryImageOfPage\":{\"@id\":\"https:\/\/saudadesailingclub.com\/contacto-saudade-sailing-club\/#primaryimage\"},\"image\":{\"@id\":\"https:\/\/saudadesailingclub.com\/contacto-saudade-sailing-club\/#primaryimage\"},\"thumbnailUrl\":\"https:\/\/saudadesailingclub.com\/wp-content\/uploads\/2023\/07\/club-de-navegantes-saudade.jpg\",\"datePublished\":\"2020-04-21T22:16:47+00:00\",\"dateModified\":\"2025-10-22T14:59:44+00:00\",\"description\":\"Saudade Sailing Club te invita a explorar el mar, sin importar tu nivel. \u00danete a nuestra comunidad y disfruta de la navegaci\u00f3n a vela en Valencia\",\"breadcrumb\":{\"@id\":\"https:\/\/saudadesailingclub.com\/contacto-saudade-sailing-club\/#breadcrumb\"},\"inLanguage\":\"en-GB\",\"potentialAction\":[{\"@type\":\"ReadAction\",\"target\":[\"https:\/\/saudadesailingclub.com\/contacto-saudade-sailing-club\/\"]}]},{\"@type\":\"ImageObject\",\"inLanguage\":\"en-GB\",\"@id\":\"https:\/\/saudadesailingclub.com\/contacto-saudade-sailing-club\/#primaryimage\",\"url\":\"https:\/\/saudadesailingclub.com\/wp-content\/uploads\/2023\/07\/club-de-navegantes-saudade.jpg\",\"contentUrl\":\"https:\/\/saudadesailingclub.com\/wp-content\/uploads\/2023\/07\/club-de-navegantes-saudade.jpg\",\"width\":1000,\"height\":667,\"caption\":\"Club de navegantes en Valencia, Saudade\"},{\"@type\":\"BreadcrumbList\",\"@id\":\"https:\/\/saudadesailingclub.com\/contacto-saudade-sailing-club\/#breadcrumb\",\"itemListElement\":[{\"@type\":\"ListItem\",\"position\":1,\"name\":\"Inicio\",\"item\":\"https:\/\/saudadesailingclub.com\/\"},{\"@type\":\"ListItem\",\"position\":2,\"name\":\"Contacto\"}]},{\"@type\":\"WebSite\",\"@id\":\"https:\/\/saudadesailingclub.com\/#website\",\"url\":\"https:\/\/saudadesailingclub.com\/\",\"name\":\"Saudade Sailing Club\",\"description\":\"Veleros Compartidos: Sum\u00e9rgete en la Magia de la Navegaci\u00f3n\",\"publisher\":{\"@id\":\"https:\/\/saudadesailingclub.com\/#organization\"},\"alternateName\":\"Saudade Club\",\"potentialAction\":[{\"@type\":\"SearchAction\",\"target\":{\"@type\":\"EntryPoint\",\"urlTemplate\":\"https:\/\/saudadesailingclub.com\/?s={search_term_string}\"},\"query-input\":{\"@type\":\"PropertyValueSpecification\",\"valueRequired\":true,\"valueName\":\"search_term_string\"}}],\"inLanguage\":\"en-GB\"},{\"@type\":\"Organization\",\"@id\":\"https:\/\/saudadesailingclub.com\/#organization\",\"name\":\"Saudade Sailing Club\",\"alternateName\":\"Saudade Club\",\"url\":\"https:\/\/saudadesailingclub.com\/\",\"logo\":{\"@type\":\"ImageObject\",\"inLanguage\":\"en-GB\",\"@id\":\"https:\/\/saudadesailingclub.com\/#\/schema\/logo\/image\/\",\"url\":\"https:\/\/saudadesailingclub.com\/wp-content\/uploads\/2020\/01\/cropped-flaticon-saudade-club-de-vela_flaticon-2.png\",\"contentUrl\":\"https:\/\/saudadesailingclub.com\/wp-content\/uploads\/2020\/01\/cropped-flaticon-saudade-club-de-vela_flaticon-2.png\",\"width\":512,\"height\":512,\"caption\":\"Saudade Sailing Club\"},\"image\":{\"@id\":\"https:\/\/saudadesailingclub.com\/#\/schema\/logo\/image\/\"},\"sameAs\":[\"https:\/\/www.facebook.com\/saudadesailingclub\/\",\"https:\/\/www.instagram.com\/saudadesailingclub\/\"]}]}<\/script>\n<!-- \/ Yoast SEO plugin. -->","yoast_head_json":{"title":"Saudade Sailing Club, Tu Club de Navegaci\u00f3n en Valencia","description":"Saudade Sailing Club te invita a explorar el mar, sin importar tu nivel. \u00danete a nuestra comunidad y disfruta de la navegaci\u00f3n a vela en Valencia","robots":{"index":"noindex","follow":"follow"},"og_locale":"en_GB","og_type":"article","og_title":"Saudade Sailing Club, Tu Club de Navegaci\u00f3n en Valencia","og_description":"Saudade Sailing Club te invita a explorar el mar, sin importar tu nivel. \u00danete a nuestra comunidad y disfruta de la navegaci\u00f3n a vela en Valencia","og_url":"https:\/\/saudadesailingclub.com\/en\/contacto-saudade-sailing-club\/","og_site_name":"Saudade Sailing Club","article_publisher":"https:\/\/www.facebook.com\/saudadesailingclub\/","article_modified_time":"2025-10-22T14:59:44+00:00","og_image":[{"width":1000,"height":667,"url":"https:\/\/saudadesailingclub.com\/wp-content\/uploads\/2023\/07\/club-de-navegantes-saudade.jpg","type":"image\/jpeg"}],"twitter_card":"summary_large_image","twitter_title":"Saudade Sailing Club, Tu Club de Navegaci\u00f3n en Valencia","twitter_description":"Saudade Sailing Club te invita a explorar el mar, sin importar tu nivel. \u00danete a nuestra comunidad y disfruta de la navegaci\u00f3n a vela en Valencia","twitter_image":"https:\/\/saudadesailingclub.com\/wp-content\/uploads\/2023\/07\/club-de-navegantes-saudade.jpg","schema":{"@context":"https:\/\/schema.org","@graph":[{"@type":"WebPage","@id":"https:\/\/saudadesailingclub.com\/contacto-saudade-sailing-club\/","url":"https:\/\/saudadesailingclub.com\/contacto-saudade-sailing-club\/","name":"Saudade Sailing Club, Tu Club de Navegaci\u00f3n en Valencia","isPartOf":{"@id":"https:\/\/saudadesailingclub.com\/#website"},"primaryImageOfPage":{"@id":"https:\/\/saudadesailingclub.com\/contacto-saudade-sailing-club\/#primaryimage"},"image":{"@id":"https:\/\/saudadesailingclub.com\/contacto-saudade-sailing-club\/#primaryimage"},"thumbnailUrl":"https:\/\/saudadesailingclub.com\/wp-content\/uploads\/2023\/07\/club-de-navegantes-saudade.jpg","datePublished":"2020-04-21T22:16:47+00:00","dateModified":"2025-10-22T14:59:44+00:00","description":"Saudade Sailing Club te invita a explorar el mar, sin importar tu nivel. \u00danete a nuestra comunidad y disfruta de la navegaci\u00f3n a vela en Valencia","breadcrumb":{"@id":"https:\/\/saudadesailingclub.com\/contacto-saudade-sailing-club\/#breadcrumb"},"inLanguage":"en-GB","potentialAction":[{"@type":"ReadAction","target":["https:\/\/saudadesailingclub.com\/contacto-saudade-sailing-club\/"]}]},{"@type":"ImageObject","inLanguage":"en-GB","@id":"https:\/\/saudadesailingclub.com\/contacto-saudade-sailing-club\/#primaryimage","url":"https:\/\/saudadesailingclub.com\/wp-content\/uploads\/2023\/07\/club-de-navegantes-saudade.jpg","contentUrl":"https:\/\/saudadesailingclub.com\/wp-content\/uploads\/2023\/07\/club-de-navegantes-saudade.jpg","width":1000,"height":667,"caption":"Club de navegantes en Valencia, Saudade"},{"@type":"BreadcrumbList","@id":"https:\/\/saudadesailingclub.com\/contacto-saudade-sailing-club\/#breadcrumb","itemListElement":[{"@type":"ListItem","position":1,"name":"Inicio","item":"https:\/\/saudadesailingclub.com\/"},{"@type":"ListItem","position":2,"name":"Contacto"}]},{"@type":"WebSite","@id":"https:\/\/saudadesailingclub.com\/#website","url":"https:\/\/saudadesailingclub.com\/","name":"Saudade Sailing Club","description":"Veleros Compartidos: Sum\u00e9rgete en la Magia de la Navegaci\u00f3n","publisher":{"@id":"https:\/\/saudadesailingclub.com\/#organization"},"alternateName":"Saudade Club","potentialAction":[{"@type":"SearchAction","target":{"@type":"EntryPoint","urlTemplate":"https:\/\/saudadesailingclub.com\/?s={search_term_string}"},"query-input":{"@type":"PropertyValueSpecification","valueRequired":true,"valueName":"search_term_string"}}],"inLanguage":"en-GB"},{"@type":"Organization","@id":"https:\/\/saudadesailingclub.com\/#organization","name":"Saudade Sailing Club","alternateName":"Saudade Club","url":"https:\/\/saudadesailingclub.com\/","logo":{"@type":"ImageObject","inLanguage":"en-GB","@id":"https:\/\/saudadesailingclub.com\/#\/schema\/logo\/image\/","url":"https:\/\/saudadesailingclub.com\/wp-content\/uploads\/2020\/01\/cropped-flaticon-saudade-club-de-vela_flaticon-2.png","contentUrl":"https:\/\/saudadesailingclub.com\/wp-content\/uploads\/2020\/01\/cropped-flaticon-saudade-club-de-vela_flaticon-2.png","width":512,"height":512,"caption":"Saudade Sailing Club"},"image":{"@id":"https:\/\/saudadesailingclub.com\/#\/schema\/logo\/image\/"},"sameAs":["https:\/\/www.facebook.com\/saudadesailingclub\/","https:\/\/www.instagram.com\/saudadesailingclub\/"]}]}},"_links":{"self":[{"href":"https:\/\/saudadesailingclub.com\/en\/wp-json\/wp\/v2\/pages\/17916","targetHints":{"allow":["GET"]}}],"collection":[{"href":"https:\/\/saudadesailingclub.com\/en\/wp-json\/wp\/v2\/pages"}],"about":[{"href":"https:\/\/saudadesailingclub.com\/en\/wp-json\/wp\/v2\/types\/page"}],"author":[{"embeddable":true,"href":"https:\/\/saudadesailingclub.com\/en\/wp-json\/wp\/v2\/users\/1"}],"replies":[{"embeddable":true,"href":"https:\/\/saudadesailingclub.com\/en\/wp-json\/wp\/v2\/comments?post=17916"}],"version-history":[{"count":37,"href":"https:\/\/saudadesailingclub.com\/en\/wp-json\/wp\/v2\/pages\/17916\/revisions"}],"predecessor-version":[{"id":28306,"href":"https:\/\/saudadesailingclub.com\/en\/wp-json\/wp\/v2\/pages\/17916\/revisions\/28306"}],"wp:featuredmedia":[{"embeddable":true,"href":"https:\/\/saudadesailingclub.com\/en\/wp-json\/wp\/v2\/media\/24670"}],"wp:attachment":[{"href":"https:\/\/saudadesailingclub.com\/en\/wp-json\/wp\/v2\/media?parent=17916"}],"curies":[{"name":"wp","href":"https:\/\/api.w.org\/{rel}","templated":true}]}}